{"id":746,"date":"2025-09-17T12:11:52","date_gmt":"2025-09-17T12:11:52","guid":{"rendered":"https:\/\/imperialtobacco.com.tr\/our-information-security-policy\/"},"modified":"2025-10-01T11:18:57","modified_gmt":"2025-10-01T11:18:57","slug":"our-information-security-policy","status":"publish","type":"page","link":"https:\/\/imperialtobacco.com.tr\/en\/our-information-security-policy\/","title":{"rendered":"Our Information Security Policy"},"content":{"rendered":"\t\t<div data-elementor-type=\"wp-page\" data-elementor-id=\"746\" class=\"elementor elementor-746 elementor-456\" data-elementor-post-type=\"page\">\n\t\t\t\t<div class=\"elementor-element elementor-element-6295249 e-flex e-con-boxed e-con e-parent\" data-id=\"6295249\" data-element_type=\"container\">\n\t\t\t\t\t<div class=\"e-con-inner\">\n\t\t<div class=\"elementor-element elementor-element-cf23a2a e-con-full e-flex e-con e-child\" data-id=\"cf23a2a\" data-element_type=\"container\">\n\t\t\t\t<div class=\"elementor-element elementor-element-e4b5d3b elementor-widget elementor-widget-heading\" data-id=\"e4b5d3b\" data-element_type=\"widget\" data-widget_type=\"heading.default\">\n\t\t\t\t<div class=\"elementor-widget-container\">\n\t\t\t\t\t<h2 class=\"elementor-heading-title elementor-size-default\">Our Information Security Policy<\/h2>\t\t\t\t<\/div>\n\t\t\t\t<\/div>\n\t\t\t\t<\/div>\n\t\t\t\t\t<\/div>\n\t\t\t\t<\/div>\n\t\t<div class=\"elementor-element elementor-element-b4211ec e-flex e-con-boxed e-con e-parent\" data-id=\"b4211ec\" data-element_type=\"container\">\n\t\t\t\t\t<div class=\"e-con-inner\">\n\t\t<div class=\"elementor-element elementor-element-a7e1b39 e-con-full e-flex e-con e-child\" data-id=\"a7e1b39\" data-element_type=\"container\">\n\t\t<div class=\"elementor-element elementor-element-5e5a093 e-con-full e-flex e-con e-child\" data-id=\"5e5a093\" data-element_type=\"container\">\n\t\t\t\t<div class=\"elementor-element elementor-element-4ddb4b2 elementor-widget elementor-widget-text-editor\" data-id=\"4ddb4b2\" data-element_type=\"widget\" data-widget_type=\"text-editor.default\">\n\t\t\t\t<div class=\"elementor-widget-container\">\n\t\t\t\t\t\t\t\t\t<p>As Imperial Tobacco Sigara ve T\u00fct\u00fcnc\u00fcl\u00fck San. ve Tic. A\u015e, we ensure the protection of the confidentiality, integrity, and availability of our assets and the reduction of risks to an acceptable level.  <\/p><p>With the aim of managing all types of risks to our business continuity and information assets, we manage our activities in an integrated manner together with our other management systems. These activities include documenting, certifying, and continually improving our information security management system in accordance with the requirements of the ISO\/IEC 27001:2017 standard; systematically managing risks to information assets; and delivering trainings that develop technical and behavioral competencies to enhance information security awareness.<\/p><p>By implementing this policy, our company has established and communicated to relevant parties the following principles: compliance with legal obligations; adherence to the provisions set out in contracts with third parties (business partners, clients, suppliers); ensuring that core and supporting business activities continue with minimal interruption; minimizing any loss of revenue or opportunity arising from security incidents; and meeting information security requirements.<\/p>\t\t\t\t\t\t\t\t<\/div>\n\t\t\t\t<\/div>\n\t\t\t\t<\/div>\n\t\t\t\t<\/div>\n\t\t\t\t\t<\/div>\n\t\t\t\t<\/div>\n\t\t\t\t<\/div>\n\t\t","protected":false},"excerpt":{"rendered":"<p>As Imperial Tobacco Sigara ve T\u00fct\u00fcnc\u00fcl\u00fck San. ve Tic. A\u015e, we ensure the protection of the confidentiality, integrity, and availability of our assets and the reduction of risks to an acceptable level. With the aim of managing all types of risks to our business continuity and information assets, we manage our activities in an integrated [&hellip;]<\/p>\n","protected":false},"author":1,"featured_media":0,"parent":0,"menu_order":0,"comment_status":"closed","ping_status":"closed","template":"","meta":{"footnotes":""},"class_list":["post-746","page","type-page","status-publish","hentry"],"_links":{"self":[{"href":"https:\/\/imperialtobacco.com.tr\/en\/wp-json\/wp\/v2\/pages\/746","targetHints":{"allow":["GET"]}}],"collection":[{"href":"https:\/\/imperialtobacco.com.tr\/en\/wp-json\/wp\/v2\/pages"}],"about":[{"href":"https:\/\/imperialtobacco.com.tr\/en\/wp-json\/wp\/v2\/types\/page"}],"author":[{"embeddable":true,"href":"https:\/\/imperialtobacco.com.tr\/en\/wp-json\/wp\/v2\/users\/1"}],"replies":[{"embeddable":true,"href":"https:\/\/imperialtobacco.com.tr\/en\/wp-json\/wp\/v2\/comments?post=746"}],"version-history":[{"count":1,"href":"https:\/\/imperialtobacco.com.tr\/en\/wp-json\/wp\/v2\/pages\/746\/revisions"}],"predecessor-version":[{"id":748,"href":"https:\/\/imperialtobacco.com.tr\/en\/wp-json\/wp\/v2\/pages\/746\/revisions\/748"}],"wp:attachment":[{"href":"https:\/\/imperialtobacco.com.tr\/en\/wp-json\/wp\/v2\/media?parent=746"}],"curies":[{"name":"wp","href":"https:\/\/api.w.org\/{rel}","templated":true}]}}